{"id":13816,"date":"2025-02-03T12:59:38","date_gmt":"2025-02-03T11:59:38","guid":{"rendered":"https:\/\/mercure-finances.fr\/?page_id=13816"},"modified":"2025-02-03T13:03:23","modified_gmt":"2025-02-03T12:03:23","slug":"mentions-legales","status":"publish","type":"page","link":"https:\/\/mercure-finances.fr\/en\/mentions-legales\/","title":{"rendered":"Mentions l\u00e9gales"},"content":{"rendered":"<div data-elementor-type=\"wp-page\" data-elementor-id=\"13816\" class=\"elementor elementor-13816\" data-elementor-post-type=\"page\">\n\t\t\t\t\t\t<section class=\"elementor-section elementor-top-section elementor-element elementor-element-2c1dd55 elementor-section-boxed elementor-section-height-default elementor-section-height-default\" data-id=\"2c1dd55\" data-element_type=\"section\" data-e-type=\"section\" data-settings=\"{&quot;ashton_ext_is_background_parallax&quot;:&quot;false&quot;,&quot;ashton_ext_is_background_on_scroll&quot;:&quot;false&quot;}\">\n\t\t\t\t\t\t<div class=\"elementor-container elementor-column-gap-default\">\n\t\t\t\t\t<div class=\"elementor-column elementor-col-100 elementor-top-column elementor-element elementor-element-e909213\" data-id=\"e909213\" data-element_type=\"column\" data-e-type=\"column\" data-settings=\"{&quot;ashton_ext_link_sidemenu&quot;:&quot;false&quot;,&quot;ashton_ext_link_fullmenu&quot;:&quot;false&quot;,&quot;ashton_ext_is_sticky&quot;:&quot;false&quot;,&quot;ashton_ext_is_scrollme&quot;:&quot;false&quot;,&quot;ashton_ext_is_smoove&quot;:&quot;false&quot;,&quot;ashton_ext_is_parallax_mouse&quot;:&quot;false&quot;,&quot;ashton_ext_is_infinite&quot;:&quot;false&quot;,&quot;ashton_ext_is_fadeout_animation&quot;:&quot;false&quot;}\">\n\t\t\t<div class=\"elementor-widget-wrap elementor-element-populated\">\n\t\t\t\t\t\t<div class=\"elementor-element elementor-element-9af3beb elementor-widget elementor-widget-text-editor\" data-id=\"9af3beb\" data-element_type=\"widget\" data-e-type=\"widget\" data-settings=\"{&quot;ashton_ext_link_sidemenu&quot;:&quot;false&quot;,&quot;ashton_ext_link_fullmenu&quot;:&quot;false&quot;,&quot;ashton_ext_is_sticky&quot;:&quot;false&quot;,&quot;ashton_ext_is_scrollme&quot;:&quot;false&quot;,&quot;ashton_ext_is_smoove&quot;:&quot;false&quot;,&quot;ashton_ext_is_parallax_mouse&quot;:&quot;false&quot;,&quot;ashton_ext_is_infinite&quot;:&quot;false&quot;,&quot;ashton_ext_is_fadeout_animation&quot;:&quot;false&quot;}\" data-widget_type=\"text-editor.default\">\n\t\t\t\t<div class=\"elementor-widget-container\">\n\t\t\t\t\t\t\t\t\t<h4><strong><span id=\"gmail-lwptoc20\">1 \u2013 \u00c9dition du site<\/span><\/strong><\/h4><p>En vertu de l\u2019article 6 de la loi n\u00b0 2004-575 du 21 juin 2004 pour la confiance dans l\u2019\u00e9conomie num\u00e9rique, il est pr\u00e9cis\u00e9 aux utilisateurs du site internet\u00a0<span class=\"gmail-ff_dynamic_value\">mercure-finances.fr <\/span>l\u2019identit\u00e9 des diff\u00e9rents intervenants dans le cadre de sa r\u00e9alisation et de son suivi\u00a0:<\/p><p>Propri\u00e9taire du site : Olivier SIBONI : directeur g\u00e9n\u00e9ral associ\u00e9<\/p><p>Identification de l\u2019entreprise : Olivier SIBONI : directeur g\u00e9n\u00e9ral associ\u00e9<\/p><p>Directeur de la publication : Olivier SIBONI : directeur g\u00e9n\u00e9ral associ\u00e9<\/p><h4><strong><span id=\"gmail-lwptoc21\">2 \u2013 Propri\u00e9t\u00e9 intellectuelle et contrefa\u00e7ons.<\/span><\/strong><\/h4><p>Mercure Finances est propri\u00e9taire des droits de propri\u00e9t\u00e9 intellectuelle et d\u00e9tient les droits d\u2019usage sur tous les \u00e9l\u00e9ments accessibles sur le site internet, notamment les textes, images, graphismes, logos, vid\u00e9os, architecture, ic\u00f4nes et sons.<\/p><p>Toute reproduction, repr\u00e9sentation, modification, publication, adaptation de tout ou partie des \u00e9l\u00e9ments du site, quel que soit le moyen ou le proc\u00e9d\u00e9 utilis\u00e9, est interdite, sauf autorisation \u00e9crite pr\u00e9alable de la Mercure Finance.<\/p><p>Toute exploitation non autoris\u00e9e du site ou de l\u2019un quelconque des \u00e9l\u00e9ments qu\u2019il contient sera consid\u00e9r\u00e9e comme constitutive d\u2019une contrefa\u00e7on et poursuivie conform\u00e9ment aux dispositions des articles\u00a0L.335-2 et suivants du Code de Propri\u00e9t\u00e9 Intellectuelle.<\/p><h4><strong><span id=\"gmail-lwptoc22\">3 \u2013 Limitations de responsabilit\u00e9.<\/span><\/strong><\/h4><p>Mercure Finance ne pourra \u00eatre tenu pour responsable des dommages directs et indirects caus\u00e9s au mat\u00e9riel de l\u2019utilisateur, lors de l\u2019acc\u00e8s au site olivier.siboni@mercure-finances.com.<\/p><p>Mercure Finance d\u00e9cline toute responsabilit\u00e9 quant \u00e0 l\u2019utilisation qui pourrait \u00eatre faite des informations et contenus pr\u00e9sents sur olivier.siboni@mercure-finances.com.<\/p><p>Mercure Finance s\u2019engage \u00e0 s\u00e9curiser au mieux le site <span class=\"gmail-ff_dynamic_value\">mercure-finances.fr <\/span>, cependant sa responsabilit\u00e9 ne pourra \u00eatre mise en cause si des donn\u00e9es ind\u00e9sirables sont import\u00e9es et install\u00e9es sur son site \u00e0 son insu.<\/p><p>Des espaces interactifs (espace contact ou commentaires) sont \u00e0 la disposition des utilisateurs. <span class=\"gmail-ff_dynamic_value\">Mercure Finance<\/span>\u00a0se r\u00e9serve le droit de supprimer, sans mise en demeure pr\u00e9alable, tout contenu d\u00e9pos\u00e9 dans cet espace qui contreviendrait \u00e0 la l\u00e9gislation applicable en France, en particulier aux dispositions relatives \u00e0 la protection des donn\u00e9es.<\/p><p>Le cas \u00e9ch\u00e9ant, Mercure Finance se r\u00e9serve \u00e9galement la possibilit\u00e9 de mettre en cause la responsabilit\u00e9 civile et\/ou p\u00e9nale de l\u2019utilisateur, notamment en cas de message \u00e0 caract\u00e8re raciste, injurieux, diffamant, ou pornographique, quel que soit le support utilis\u00e9 (texte, photographie \u2026).<\/p><h4><strong><span id=\"gmail-lwptoc23\">4 \u2013 CNIL et gestion des donn\u00e9es personnelles.<\/span><\/strong><\/h4><p>Conform\u00e9ment aux dispositions de la loi 78-17 du 6 janvier 1978 modifi\u00e9e, l\u2019utilisateur du site <span class=\"gmail-ff_dynamic_value\">mercure-finances.fr <\/span>dispose d\u2019un droit d\u2019acc\u00e8s, de modification et de suppression des informations collect\u00e9es. Pour exercer ce droit, envoyez un message \u00e0 notre D\u00e9l\u00e9gu\u00e9 \u00e0 la Protection des Donn\u00e9es : Olivier Siboni.<\/p><p>Pour plus d\u2019informations sur la fa\u00e7on dont nous traitons vos donn\u00e9es (type de donn\u00e9es, finalit\u00e9, destinataire\u2026), lisez notre\u00a0<span class=\"gmail-ff_dynamic_value\">politique de confidentialit\u00e9<\/span>.\u00a0<\/p><h4><strong><span id=\"gmail-lwptoc24\">5 \u2013 Liens hypertextes et cookies<\/span><\/strong><\/h4><p>Le site <span class=\"gmail-ff_dynamic_value\">mercure-finances.fr <\/span> contient des liens hypertextes vers d\u2019autres sites et d\u00e9gage toute responsabilit\u00e9 \u00e0 propos de ces liens externes ou des liens cr\u00e9\u00e9s par d\u2019autres sites vers mercure-finances.com.<\/p><p>La navigation sur le site <span class=\"gmail-ff_dynamic_value\">mercure-finances.fr <\/span> est susceptible de provoquer l\u2019installation de cookie(s) sur l\u2019ordinateur de l\u2019utilisateur.<\/p><p>Un \u00ab\u00a0cookie\u00a0\u00bb est un fichier de petite taille qui enregistre des informations relatives \u00e0 la navigation d\u2019un utilisateur sur un site. Les donn\u00e9es ainsi obtenues permettent d\u2019obtenir des mesures de fr\u00e9quentation, par exemple.<\/p><p>Vous avez la possibilit\u00e9\u00a0d\u2019accepter ou de refuser les cookies\u00a0en modifiant les param\u00e8tres de votre navigateur. Aucun cookie ne sera d\u00e9pos\u00e9 sans votre consentement.<\/p><p>Les cookies sont enregistr\u00e9s pour une dur\u00e9e maximale de\u00a0<span class=\"gmail-ff_dynamic_value\">10<\/span>\u00a0mois.<\/p><p>Pour plus d\u2019informations sur la fa\u00e7on dont nous faisons usage des cookies, lisez notre\u00a0<span class=\"gmail-ff_dynamic_value\">politique de confidentialit\u00e9<\/span><\/p><h4><span id=\"gmail-lwptoc25\">6 \u2013 Droit applicable et attribution de juridiction.<\/span><\/h4><p><span class=\"gmail-ff_dynamic_value\">mercure-finances.fr <\/span> est soumis au droit fran\u00e7ais. En dehors des cas o\u00f9 la loi ne le permet pas, il est fait attribution exclusive de juridiction aux tribunaux comp\u00e9tents de <span class=\"gmail-ff_dynamic_value\">Paris<\/span>.<\/p>\t\t\t\t\t\t\t\t<\/div>\n\t\t\t\t<\/div>\n\t\t\t\t\t<\/div>\n\t\t<\/div>\n\t\t\t\t\t<\/div>\n\t\t<\/section>\n\t\t\t\t<\/div>","protected":false},"excerpt":{"rendered":"<p>1 \u2013 \u00c9dition du site En vertu de l\u2019article 6 de la loi n\u00b0 2004-575 du 21 juin 2004 pour la confiance dans l\u2019\u00e9conomie num\u00e9rique, il est pr\u00e9cis\u00e9 aux utilisateurs du site internet\u00a0mercure-finances.fr l\u2019identit\u00e9 des diff\u00e9rents intervenants dans le cadre [&hellip;]<\/p>\n","protected":false},"author":1,"featured_media":0,"parent":0,"menu_order":0,"comment_status":"closed","ping_status":"closed","template":"","meta":{"_monsterinsights_skip_tracking":false,"_monsterinsights_sitenote_active":false,"_monsterinsights_sitenote_note":"","_monsterinsights_sitenote_category":0,"footnotes":""},"class_list":["post-13816","page","type-page","status-publish","hentry"],"aioseo_notices":[],"_links":{"self":[{"href":"https:\/\/mercure-finances.fr\/en\/wp-json\/wp\/v2\/pages\/13816","targetHints":{"allow":["GET"]}}],"collection":[{"href":"https:\/\/mercure-finances.fr\/en\/wp-json\/wp\/v2\/pages"}],"about":[{"href":"https:\/\/mercure-finances.fr\/en\/wp-json\/wp\/v2\/types\/page"}],"author":[{"embeddable":true,"href":"https:\/\/mercure-finances.fr\/en\/wp-json\/wp\/v2\/users\/1"}],"replies":[{"embeddable":true,"href":"https:\/\/mercure-finances.fr\/en\/wp-json\/wp\/v2\/comments?post=13816"}],"version-history":[{"count":7,"href":"https:\/\/mercure-finances.fr\/en\/wp-json\/wp\/v2\/pages\/13816\/revisions"}],"predecessor-version":[{"id":13827,"href":"https:\/\/mercure-finances.fr\/en\/wp-json\/wp\/v2\/pages\/13816\/revisions\/13827"}],"wp:attachment":[{"href":"https:\/\/mercure-finances.fr\/en\/wp-json\/wp\/v2\/media?parent=13816"}],"curies":[{"name":"wp","href":"https:\/\/api.w.org\/{rel}","templated":true}]}}