{"id":13815,"date":"2025-02-03T12:57:26","date_gmt":"2025-02-03T11:57:26","guid":{"rendered":"https:\/\/mercure-finances.fr\/?page_id=13815"},"modified":"2025-02-03T12:57:54","modified_gmt":"2025-02-03T11:57:54","slug":"politique-de-confidentialite","status":"publish","type":"page","link":"https:\/\/mercure-finances.fr\/en\/politique-de-confidentialite\/","title":{"rendered":"Politique de confidentialit\u00e9"},"content":{"rendered":"<div data-elementor-type=\"wp-page\" data-elementor-id=\"13815\" class=\"elementor elementor-13815\" data-elementor-post-type=\"page\">\n\t\t\t\t\t\t<section class=\"elementor-section elementor-top-section elementor-element elementor-element-81a40f2 elementor-section-boxed elementor-section-height-default elementor-section-height-default\" data-id=\"81a40f2\" data-element_type=\"section\" data-e-type=\"section\" data-settings=\"{&quot;ashton_ext_is_background_parallax&quot;:&quot;false&quot;,&quot;ashton_ext_is_background_on_scroll&quot;:&quot;false&quot;}\">\n\t\t\t\t\t\t<div class=\"elementor-container elementor-column-gap-default\">\n\t\t\t\t\t<div class=\"elementor-column elementor-col-100 elementor-top-column elementor-element elementor-element-bb9a041\" data-id=\"bb9a041\" data-element_type=\"column\" data-e-type=\"column\" data-settings=\"{&quot;ashton_ext_link_sidemenu&quot;:&quot;false&quot;,&quot;ashton_ext_link_fullmenu&quot;:&quot;false&quot;,&quot;ashton_ext_is_sticky&quot;:&quot;false&quot;,&quot;ashton_ext_is_scrollme&quot;:&quot;false&quot;,&quot;ashton_ext_is_smoove&quot;:&quot;false&quot;,&quot;ashton_ext_is_parallax_mouse&quot;:&quot;false&quot;,&quot;ashton_ext_is_infinite&quot;:&quot;false&quot;,&quot;ashton_ext_is_fadeout_animation&quot;:&quot;false&quot;}\">\n\t\t\t<div class=\"elementor-widget-wrap elementor-element-populated\">\n\t\t\t\t\t\t<div class=\"elementor-element elementor-element-685c420 elementor-widget elementor-widget-text-editor\" data-id=\"685c420\" data-element_type=\"widget\" data-e-type=\"widget\" data-settings=\"{&quot;ashton_ext_link_sidemenu&quot;:&quot;false&quot;,&quot;ashton_ext_link_fullmenu&quot;:&quot;false&quot;,&quot;ashton_ext_is_sticky&quot;:&quot;false&quot;,&quot;ashton_ext_is_scrollme&quot;:&quot;false&quot;,&quot;ashton_ext_is_smoove&quot;:&quot;false&quot;,&quot;ashton_ext_is_parallax_mouse&quot;:&quot;false&quot;,&quot;ashton_ext_is_infinite&quot;:&quot;false&quot;,&quot;ashton_ext_is_fadeout_animation&quot;:&quot;false&quot;}\" data-widget_type=\"text-editor.default\">\n\t\t\t\t<div class=\"elementor-widget-container\">\n\t\t\t\t\t\t\t\t\t<p class=\"p1\"><b>Politique de Confidentialit\u00e9<\/b><b><\/b><\/p><p class=\"p1\"><b>Derni\u00e8re mise \u00e0 jour le 03 f\u00e9vrier 2025<\/b><b><\/b><\/p><p class=\"p1\"><b>Date d\u2019entr\u00e9e en vigueur : 03 f\u00e9vrier 2025<\/b><b><\/b><\/p><p class=\"p3\">Cette Politique de Confidentialit\u00e9 d\u00e9crit les politiques de <span class=\"s1\"><b>Mercure Finances<\/b><\/span>, situ\u00e9 au <span class=\"s1\"><b>100 avenue de la Marne, Montrouge 92120, France<\/b><\/span>, concernant la collecte, l\u2019utilisation et la divulgation de vos informations lorsque vous utilisez notre site web ( <a href=\"https:\/\/mercure-finances.fr\/en\/\">https:\/\/mercure-finances.fr\/<\/a> ) (le \u00ab Service \u00bb).<\/p><p class=\"p3\">En acc\u00e9dant ou en utilisant le Service, vous consentez \u00e0 la collecte, \u00e0 l\u2019utilisation et \u00e0 la divulgation de vos informations conform\u00e9ment \u00e0 cette Politique de Confidentialit\u00e9. Si vous ne consentez pas \u00e0 cela, veuillez ne pas acc\u00e9der ni utiliser le Service.<\/p><p class=\"p3\">Nous nous r\u00e9servons le droit de modifier cette Politique de Confidentialit\u00e9 \u00e0 tout moment, sans pr\u00e9avis. La version r\u00e9vis\u00e9e sera publi\u00e9e sur le Service et entrera en vigueur <span class=\"s1\"><b>180 jours apr\u00e8s sa publication<\/b><\/span>. Votre acc\u00e8s ou utilisation continue du Service apr\u00e8s cette p\u00e9riode constituera votre acceptation de la nouvelle Politique de Confidentialit\u00e9. Nous vous recommandons donc de consulter r\u00e9guli\u00e8rement cette page.<\/p><p class=\"p4\"><b>Vos droits :<\/b><b><\/b><\/p><p class=\"p1\"><span class=\"s2\">Selon la l\u00e9gislation applicable, vous pouvez avoir le droit de <\/span><b>consulter, rectifier ou supprimer vos donn\u00e9es personnelles<\/b><span class=\"s2\">, de <\/span><b>recevoir une copie de vos donn\u00e9es personnelles<\/b><span class=\"s2\">, de <\/span><b>limiter ou de vous opposer au traitement actif de vos donn\u00e9es<\/b><span class=\"s2\">, de <\/span><b>demander le transfert de vos informations personnelles \u00e0 une autre entit\u00e9<\/b><span class=\"s2\">, de <\/span><b>retirer tout consentement donn\u00e9<\/b><span class=\"s2\"> pour le traitement de vos donn\u00e9es, ainsi que d\u2019<\/span><b>introduire une r\u00e9clamation aupr\u00e8s d\u2019une autorit\u00e9 comp\u00e9tente<\/b><span class=\"s2\">.<\/span><\/p><p class=\"p3\">Pour exercer ces droits, vous pouvez nous contacter \u00e0 <span class=\"s1\"><b>olivier.siboni@mercure-finances.com<\/b><\/span>. Nous r\u00e9pondrons \u00e0 votre demande conform\u00e9ment \u00e0 la l\u00e9gislation applicable.<\/p><p class=\"p3\">Veuillez noter que si vous refusez la collecte ou le traitement des informations personnelles n\u00e9cessaires, ou si vous retirez votre consentement, vous risquez de ne pas pouvoir acc\u00e9der ou utiliser certains services.<\/p><p class=\"p4\"><b>Cookies et technologies similaires :<\/b><b><\/b><\/p><p class=\"p3\">Pour en savoir plus sur l\u2019utilisation des cookies et sur vos choix en mati\u00e8re de suivi, veuillez consulter notre <span class=\"s1\"><b>Politique de Cookies<\/b><\/span>.<\/p><p class=\"p4\"><b>S\u00e9curit\u00e9 :<\/b><\/p><p class=\"p1\">La s\u00e9curit\u00e9 de vos informations est importante pour nous. Nous mettons en place des mesures raisonnables pour \u00e9viter <span class=\"s1\"><b>la perte, l\u2019utilisation abusive ou l\u2019alt\u00e9ration non autoris\u00e9e<\/b><\/span> des donn\u00e9es sous notre contr\u00f4le. Cependant, compte tenu des risques inh\u00e9rents \u00e0 Internet, nous <span class=\"s1\"><b>ne pouvons garantir une s\u00e9curit\u00e9 absolue<\/b><\/span> et ne pouvons assurer ou garantir la protection totale des informations que vous nous transmettez. Vous le faites donc \u00e0 vos propres risques.<\/p><p class=\"p3\"><b>Responsable des r\u00e9clamations et de la protection des donn\u00e9es :<\/b><b><\/b><\/p><p class=\"p1\">Si vous avez des questions ou des pr\u00e9occupations concernant le traitement de vos informations, vous pouvez contacter notre <span class=\"s1\"><b>Responsable des r\u00e9clamations<\/b><\/span> \u00e0 <span class=\"s1\"><b>Mercure Finances, 100 avenue de la Marne, Montrouge 92120, France<\/b><\/span> ou par e-mail \u00e0 <span class=\"s1\"><b>olivier.siboni@mercure-finances.com<\/b><\/span>. Nous traiterons vos demandes conform\u00e9ment \u00e0 la l\u00e9gislation en vigueur.<\/p>\t\t\t\t\t\t\t\t<\/div>\n\t\t\t\t<\/div>\n\t\t\t\t\t<\/div>\n\t\t<\/div>\n\t\t\t\t\t<\/div>\n\t\t<\/section>\n\t\t\t\t<\/div>","protected":false},"excerpt":{"rendered":"<p>Politique de Confidentialit\u00e9 Derni\u00e8re mise \u00e0 jour le 03 f\u00e9vrier 2025 Date d\u2019entr\u00e9e en vigueur : 03 f\u00e9vrier 2025 Cette Politique de Confidentialit\u00e9 d\u00e9crit les politiques de Mercure Finances, situ\u00e9 au 100 avenue de la Marne, Montrouge 92120, France, concernant [&hellip;]<\/p>\n","protected":false},"author":1,"featured_media":0,"parent":0,"menu_order":0,"comment_status":"closed","ping_status":"closed","template":"","meta":{"_monsterinsights_skip_tracking":false,"_monsterinsights_sitenote_active":false,"_monsterinsights_sitenote_note":"","_monsterinsights_sitenote_category":0,"footnotes":""},"class_list":["post-13815","page","type-page","status-publish","hentry"],"aioseo_notices":[],"_links":{"self":[{"href":"https:\/\/mercure-finances.fr\/en\/wp-json\/wp\/v2\/pages\/13815","targetHints":{"allow":["GET"]}}],"collection":[{"href":"https:\/\/mercure-finances.fr\/en\/wp-json\/wp\/v2\/pages"}],"about":[{"href":"https:\/\/mercure-finances.fr\/en\/wp-json\/wp\/v2\/types\/page"}],"author":[{"embeddable":true,"href":"https:\/\/mercure-finances.fr\/en\/wp-json\/wp\/v2\/users\/1"}],"replies":[{"embeddable":true,"href":"https:\/\/mercure-finances.fr\/en\/wp-json\/wp\/v2\/comments?post=13815"}],"version-history":[{"count":4,"href":"https:\/\/mercure-finances.fr\/en\/wp-json\/wp\/v2\/pages\/13815\/revisions"}],"predecessor-version":[{"id":13820,"href":"https:\/\/mercure-finances.fr\/en\/wp-json\/wp\/v2\/pages\/13815\/revisions\/13820"}],"wp:attachment":[{"href":"https:\/\/mercure-finances.fr\/en\/wp-json\/wp\/v2\/media?parent=13815"}],"curies":[{"name":"wp","href":"https:\/\/api.w.org\/{rel}","templated":true}]}}